{"id":79,"date":"2018-02-03T13:45:36","date_gmt":"2018-02-03T12:45:36","guid":{"rendered":"http:\/\/ruhrrudel.de\/site\/?page_id=79"},"modified":"2018-02-03T14:07:45","modified_gmt":"2018-02-03T13:07:45","slug":"info-claudia","status":"publish","type":"page","link":"https:\/\/ruhrrudel.de\/site\/team\/info-claudia\/","title":{"rendered":"Info Claudia"},"content":{"rendered":"<p style=\"text-align: center;\"><a href=\"http:\/\/ruhrrudel.de\/site\/team\/\">Zur\u00fcck zur \u00dcbersicht<\/a><\/p>\n<p><span style=\"font-size: 14pt;\"><strong>Claudia S\u00e4ck<\/strong><\/span><\/p>\n<p>Geboren 1965, begleiten seit nunmehr 35 Jahren Hunde mein Leben. Gemeinsam mit meinem ersten Hund, einer deutschen Sch\u00e4ferhu\u0308ndin, fand ich 1980 den Weg zu einer\u00f6rtlichen SVOrtsgruppe. Hier konnte ich erste Erfahrungen in Sachen Hundeausbildung sammeln.<\/p>\n<p>Vom ersten Tag an begeisterte mich das enorme Lernverm\u00f6gen und die Bereitschaft eines Hundes, mit seinem menschlichen Fu\u0308hrer ein Team zu bilden und mit ihm zu arbeiten. Im Laufe der Jahre habe ich einige Hunde, sowohl eigene als auch die anderer, im Rahmen von Schutzhund IIII und IPO ausgebildet und erfolgreich auf Pru\u0308fungen gefu\u0308hrt.<\/p>\n<p>Dem Bedu\u0308rfnis folgend, meinen Hund besser zu verstehen und mit ihm ein stressfreies und harmonisches Miteinander zu haben, besuchte ich etliche Fortbildungen zu den Themen Lernverhalten, Kommunikation, Jagdverhalten, Clickertraining und diversen Ausbildungsmethoden. So besuchte ich Seminare von Dr. Esther Schalke, Udo Ganslo\u00dfer, Gu\u0308nter Bloch, Bart Bellon und Ivan Balabanov.<\/p>\n<p>2002 erwarb ich mit dem Bestehen der entsprechenden Pru\u0308fung die \u00dcbungsleiterlizenz im SV und die Erlaubnis, im Namen des VDH Vorbereitungskurse nach den Bestimmungen des VDH Hundefu\u0308hrerscheins, durchzufu\u0308hren. Seither u\u0308be ich das Amt des Ausbildungswartesin meinem Verein aus. 2012 erwarb ich zus\u00e4tzlich die \u00dcbungsleiterlizenz Obedience. In 2015 legte ich die Pru\u0308fung ab und erlangte nach \u00a710 Landeshundegesetz NRW den Sachkundenachweis u\u0308ber den Umgang mit gef\u00e4hrlichen Hunden.<\/p>\n<p>Die Erlaubnis nach \u00a7 11 Tierschutzgesetz als Ausbilder t\u00e4tig zu sein, liegt ebenfalls vor. Zur Zeit teile ich mein Leben mit einer belgischen Sch\u00e4ferhu\u0308ndin, welche ich erfolgreich sowohl in IPO als auch Obedience fu\u0308hre und schon diverse Pru\u0308fungen abgelegt habe.<\/p>\n<ul>\n<li>1980 bis heute Mitglied im SV<\/li>\n<li>2002 Erwerb der \u00dcbungsleiterlizens Ausbildung, bis heute Ausbildungswart im SV<\/li>\n<li>2002 Erwerb der Erlaubnis im Namen des VDH Vorbereitungskurse nach den Bestimmungen des VDHHundefu\u0308hrerscheins durchzufu\u0308hren<\/li>\n<li>2012 Erwerb der \u00dcbungsleiterlizens Obedience im SV<\/li>\n<li>2015 Erwerb der Erlaubnis nach \u00a7 11 Tierschutzgesetz Ausbildung<\/li>\n<li>2015 Erwerb nach \u00a7 10<\/li>\n<\/ul>\n","protected":false},"excerpt":{"rendered":"<p>Zur\u00fcck zur \u00dcbersicht Claudia S\u00e4ck Geboren 1965, begleiten seit nunmehr 35 Jahren Hunde mein Leben. Gemeinsam mit meinem ersten Hund, einer deutschen Sch\u00e4ferhu\u0308ndin, fand ich 1980 den Weg zu einer\u00f6rtlichen SVOrtsgruppe. Hier konnte ich erste Erfahrungen in Sachen Hundeausbildung sammeln. Vom ersten Tag an begeisterte mich das enorme Lernverm\u00f6gen und die Bereitschaft eines Hundes, mit &#8230; <a title=\"Info Claudia\" class=\"read-more\" href=\"https:\/\/ruhrrudel.de\/site\/team\/info-claudia\/\" aria-label=\"Mehr Informationen \u00fcber Info Claudia\">Weiterlesen<\/a><\/p>\n","protected":false},"author":1,"featured_media":0,"parent":19,"menu_order":0,"comment_status":"closed","ping_status":"closed","template":"","meta":{"footnotes":""},"class_list":["post-79","page","type-page","status-publish"],"_links":{"self":[{"href":"https:\/\/ruhrrudel.de\/site\/wp-json\/wp\/v2\/pages\/79","targetHints":{"allow":["GET"]}}],"collection":[{"href":"https:\/\/ruhrrudel.de\/site\/wp-json\/wp\/v2\/pages"}],"about":[{"href":"https:\/\/ruhrrudel.de\/site\/wp-json\/wp\/v2\/types\/page"}],"author":[{"embeddable":true,"href":"https:\/\/ruhrrudel.de\/site\/wp-json\/wp\/v2\/users\/1"}],"replies":[{"embeddable":true,"href":"https:\/\/ruhrrudel.de\/site\/wp-json\/wp\/v2\/comments?post=79"}],"version-history":[{"count":3,"href":"https:\/\/ruhrrudel.de\/site\/wp-json\/wp\/v2\/pages\/79\/revisions"}],"predecessor-version":[{"id":94,"href":"https:\/\/ruhrrudel.de\/site\/wp-json\/wp\/v2\/pages\/79\/revisions\/94"}],"up":[{"embeddable":true,"href":"https:\/\/ruhrrudel.de\/site\/wp-json\/wp\/v2\/pages\/19"}],"wp:attachment":[{"href":"https:\/\/ruhrrudel.de\/site\/wp-json\/wp\/v2\/media?parent=79"}],"curies":[{"name":"wp","href":"https:\/\/api.w.org\/{rel}","templated":true}]}}