{"id":27,"date":"2018-02-03T08:38:19","date_gmt":"2018-02-03T07:38:19","guid":{"rendered":"http:\/\/ruhrrudel.de\/site\/?page_id=27"},"modified":"2018-02-03T11:40:04","modified_gmt":"2018-02-03T10:40:04","slug":"impressum","status":"publish","type":"page","link":"https:\/\/ruhrrudel.de\/site\/impressum\/","title":{"rendered":"Impressum"},"content":{"rendered":"<p><strong>RuhrRudel<\/strong><br \/>\nKatrin Stein | Eilper H\u00f6he 14 | 58300 Wetter<br \/>\nSteuer-Nr: 348\/5196\/1822<\/p>\n<p>E-Mail: <a href=\"mailto:info@ruhrrudel.de\">info@ruhrrudel.de<\/a><\/p>\n<p>Die Hundeschule besitzt die Erlaubnis nach \u00a711 Absatz 1 Nummer 8f TSchG, gewerbs-<br \/>\nm\u00e4\u00dfig f\u00fcr Dritte Hunde auszubilden oder die Ausbildung von Hunden durch Tierhalter anzuleiten.<\/p>\n<p><strong>Zust\u00e4ndige Aufsichtsbeh\u00f6rde:<\/strong><\/p>\n<ul>\n<li>Kreis Ennepe-Ruhr,<\/li>\n<li>Fachbereich Ordnung und Stra\u00dfenverkehr, Veterin\u00e4rangelegenheiten, Lebensmittel\u00fcberwachung<\/li>\n<li>Hauptstr. 92<\/li>\n<li>58332 Schwelm<\/li>\n<\/ul>\n<p><strong>Haftung f\u00fcr Inhalte<\/strong><\/p>\n<p>Die Inhalte der Seiten wurden mit gr\u00f6\u00dfter Sorgfalt erstellt. F\u00fcr die Richtigkeit, Vollst\u00e4ndigkeit und Aktualit\u00e4t der Inhalte kann jedoch keine Gew\u00e4hr \u00fcbernommen werden. Als Diensteanbieter sind wir f\u00fcr eigene Inhalte auf diesen Seiten nach den allgemeinen Gesetzen verantwortlich. Diensteanbieter sind jedoch nicht verpflichtet,<br \/>\ndie von Ihnen \u00fcbermittelten oder gespeicherten fremden Informationen zu \u00fcberwachen oder nach Umst\u00e4nden zu forschen, die auf eine rechtswidrige T\u00e4tigkeit hinweisen. Verpflichtungen zur Entfernung oder Sperrung der Nutzung von Informationen nach den allgemeinen Gesetzen bleiben hiervon unber\u00fchrt. Eine diesbez\u00fcgliche Haftung ist jedoch erst ab dem Zeitpunkt der Kenntnis einer konkreten Rechtsverletzung m\u00f6glich. Bei Bekanntwerden von entsprechenden Rechtsverletzungen werden diese Inhalte umgehend entfernt.<\/p>\n<p><strong>Haftung f\u00fcr Links<\/strong><\/p>\n<p>Das Angebot enth\u00e4lt Links zu externen Webseiten Dritter, auf deren Inhalte wir keinen Einfluss haben. Deshalb k\u00f6nnen wir f\u00fcr diese fremden Inhalte auch keine Gew\u00e4hr \u00fcbernehmen. F\u00fcr die Inhalte der verlinkten Seiten ist stets der jeweilige Anbieter oder Betreiber der Seiten verantwortlich. Die verlinkten Seiten wurden zum Zeitpunkt der Verlinkung auf m\u00f6gliche Rechtsverst\u00f6\u00dfe \u00fcberpr\u00fcft. Rechtswidrige Inhalte waren zum Zeitpunkt der Verlinkung nicht erkennbar. Eine permanente inhaltliche Kontrolle der verlinkten Seiten ist jedoch ohne konkrete Anhaltspunkte einer Rechtsverletzung nicht zumutbar. Bei bekannt werden von Rechtsverletzungen werden wir derartige Links umgehend entfernen.<\/p>\n<p><strong>Urheberrecht<\/strong><\/p>\n<p>Die Betreiber der Seiten sind bem\u00fcht, stets die Urheberrechte anderer zu beachten bzw. auf selbst erstellte sowie lizenzfreie Werke zur\u00fcckzugreifen. Die durch die Seitenbetreiber erstellten Inhalte und Werke auf diesen Seiten unterliegen dem deutschen Urheberrecht. Beitr\u00e4ge Dritter sind als solche gekennzeichnet. Die Vervielf\u00e4ltigung, Bearbeitung, Verbreitung und jede Art der Verwertung au\u00dferhalb der Grenzen des Urheberrechtes bed\u00fcrfen der schriftlichen Zustimmung des jeweiligen Autors bzw. Erstellers. Downloads und Kopien dieser Seite sind nur f\u00fcr den privaten, nicht kommerziellen Gebrauch gestattet.<\/p>\n<p><strong>Datenschutz<\/strong><\/p>\n<p>Soweit auf unseren Seiten personenbezogene Daten (beispielsweise Name, Anschrift oder eMail-Adressen) erhoben werden, erfolgt dies soweit m\u00f6glich stets auf freiwilliger Basis. Die Nutzung der Angebote und Dienste ist, soweit m\u00f6glich, stets ohne Angabe personenbezogener Daten m\u00f6glich. Der Nutzung von im Rahmen der Impressumspflicht ver\u00f6ffentlichten Kontaktdaten durch Dritte zur \u00dcbersendung von nicht ausdr\u00fccklich angeforderter Werbung und Informationsmaterialien wird hiermit ausdr\u00fccklich widersprochen. Die Betreiber der Seiten behalten sich ausdr\u00fccklich rechtliche Schritte im Falle der unverlangten Zusendung von Werbeinformationen, etwa durch Spam-Mails, vor.<\/p>\n<p><strong>Gew\u00e4hrleistung<\/strong><\/p>\n<p>Wir bem\u00fchen uns um m\u00f6glichst korrekte und aktuelle Information. Trotzdem k\u00f6nnen Fehler auftreten. Die Inhalte wurden sorgf\u00e4ltig erarbeitet. Dennoch \u00fcbernehmen Autoren und Herausgeber keine Gew\u00e4hr und Haftung f\u00fcr die Richtigkeit, Zuverl\u00e4ssigkeit, Vollst\u00e4ndigkeit und Aktualit\u00e4t der Information. Die Verwendung der Website und der darin enthaltenen Informationen erfolgt auf eigene Gefahr. \u00c4nderungen k\u00f6nnen jederzeit vorgenommen werden.<\/p>\n","protected":false},"excerpt":{"rendered":"<p>RuhrRudel Katrin Stein | Eilper H\u00f6he 14 | 58300 Wetter Steuer-Nr: 348\/5196\/1822 E-Mail: info@ruhrrudel.de Die Hundeschule besitzt die Erlaubnis nach \u00a711 Absatz 1 Nummer 8f TSchG, gewerbs- m\u00e4\u00dfig f\u00fcr Dritte Hunde auszubilden oder die Ausbildung von Hunden durch Tierhalter anzuleiten. Zust\u00e4ndige Aufsichtsbeh\u00f6rde: Kreis Ennepe-Ruhr, Fachbereich Ordnung und Stra\u00dfenverkehr, Veterin\u00e4rangelegenheiten, Lebensmittel\u00fcberwachung Hauptstr. 92 58332 Schwelm Haftung &#8230; <a title=\"Impressum\" class=\"read-more\" href=\"https:\/\/ruhrrudel.de\/site\/impressum\/\" aria-label=\"Mehr Informationen \u00fcber Impressum\">Weiterlesen<\/a><\/p>\n","protected":false},"author":1,"featured_media":0,"parent":0,"menu_order":0,"comment_status":"closed","ping_status":"closed","template":"","meta":{"footnotes":""},"class_list":["post-27","page","type-page","status-publish"],"_links":{"self":[{"href":"https:\/\/ruhrrudel.de\/site\/wp-json\/wp\/v2\/pages\/27","targetHints":{"allow":["GET"]}}],"collection":[{"href":"https:\/\/ruhrrudel.de\/site\/wp-json\/wp\/v2\/pages"}],"about":[{"href":"https:\/\/ruhrrudel.de\/site\/wp-json\/wp\/v2\/types\/page"}],"author":[{"embeddable":true,"href":"https:\/\/ruhrrudel.de\/site\/wp-json\/wp\/v2\/users\/1"}],"replies":[{"embeddable":true,"href":"https:\/\/ruhrrudel.de\/site\/wp-json\/wp\/v2\/comments?post=27"}],"version-history":[{"count":3,"href":"https:\/\/ruhrrudel.de\/site\/wp-json\/wp\/v2\/pages\/27\/revisions"}],"predecessor-version":[{"id":50,"href":"https:\/\/ruhrrudel.de\/site\/wp-json\/wp\/v2\/pages\/27\/revisions\/50"}],"wp:attachment":[{"href":"https:\/\/ruhrrudel.de\/site\/wp-json\/wp\/v2\/media?parent=27"}],"curies":[{"name":"wp","href":"https:\/\/api.w.org\/{rel}","templated":true}]}}