{"id":23,"date":"2018-02-03T08:38:08","date_gmt":"2018-02-03T07:38:08","guid":{"rendered":"http:\/\/ruhrrudel.de\/site\/?page_id=23"},"modified":"2024-08-13T09:19:19","modified_gmt":"2024-08-13T07:19:19","slug":"service","status":"publish","type":"page","link":"https:\/\/ruhrrudel.de\/site\/service\/","title":{"rendered":"Kurse"},"content":{"rendered":"<p class=\"paragraph_style\"><span style=\"font-size: 14pt;\">Gem\u00e4\u00df unserem Motto \u201e HUNDE SCHULEN F\u00dcRS LEBEN\u201c<\/span><br \/>\n<span style=\"font-size: 14pt;\"> bieten wir folgende Kurse an:<\/span><\/p>\n<p class=\"paragraph_style_2\"><span style=\"font-size: 18pt;\">VORSCHULE:<\/span><\/p>\n<p><img loading=\"lazy\" decoding=\"async\" class=\"alignnone size-medium wp-image-215\" src=\"http:\/\/ruhrrudel.de\/site\/wp-content\/uploads\/2020\/01\/Paula2-300x200.jpg\" alt=\"\" width=\"300\" height=\"200\" srcset=\"https:\/\/ruhrrudel.de\/site\/wp-content\/uploads\/2020\/01\/Paula2-300x200.jpg 300w, https:\/\/ruhrrudel.de\/site\/wp-content\/uploads\/2020\/01\/Paula2-768x511.jpg 768w, https:\/\/ruhrrudel.de\/site\/wp-content\/uploads\/2020\/01\/Paula2-1024x682.jpg 1024w\" sizes=\"auto, (max-width: 300px) 100vw, 300px\" \/><\/p>\n<p class=\"paragraph_style_3\">\u201eDas kleine Einmaleins f\u00fcr Welpen in dem Alter von 2 \u2013 5 Monaten.\u201c<span class=\"style\"><br \/>\n<\/span><\/p>\n<p class=\"paragraph_style_4\"><strong>Wann:<\/strong><\/p>\n<p class=\"paragraph_style_3\">Termine nach Absprache<\/p>\n<p>6 Einzelstunden 230 \u20ac<\/p>\n<p class=\"paragraph_style_4\"><strong>Lerninhalte:<\/strong><\/p>\n<ul>\n<li class=\"paragraph_style_3\">Grundkonditionierung Clicker<\/li>\n<li class=\"paragraph_style_3\">Vorbereitung Grundgehorsam ( Sitz, Platz, R\u00fcckruf und Leinenf\u00fchrigkeit)<\/li>\n<li class=\"paragraph_style_3\">Umweltverhalten\/sicher im Alltag<\/li>\n<li class=\"paragraph_style_3\">altersgerechte Besch\u00e4ftigung<\/li>\n<li class=\"paragraph_style_3\">Sozialverhalten<\/li>\n<\/ul>\n<p class=\"paragraph_style_5\">&#8212;&#8212;&#8212;&#8212;&#8212;&#8212;&#8212;&#8212;&#8212;&#8212;&#8212;&#8212;&#8212;&#8212;&#8212;&#8212;&#8212;&#8212;&#8212;&#8212;&#8212;&#8212;&#8212;&#8212;&#8212;&#8212;&#8212;&#8212;&#8212;&#8212;&#8212;&#8212;&#8211;<\/p>\n<p class=\"paragraph_style_2\"><span style=\"font-size: 18pt;\">GRUNDSCHULE:<\/span><\/p>\n<p><img loading=\"lazy\" decoding=\"async\" class=\"alignnone size-medium wp-image-201\" src=\"http:\/\/ruhrrudel.de\/site\/wp-content\/uploads\/2019\/11\/HS55-300x202.jpg\" alt=\"\" width=\"300\" height=\"202\" srcset=\"https:\/\/ruhrrudel.de\/site\/wp-content\/uploads\/2019\/11\/HS55-300x202.jpg 300w, https:\/\/ruhrrudel.de\/site\/wp-content\/uploads\/2019\/11\/HS55-768x516.jpg 768w, https:\/\/ruhrrudel.de\/site\/wp-content\/uploads\/2019\/11\/HS55-1024x689.jpg 1024w\" sizes=\"auto, (max-width: 300px) 100vw, 300px\" \/><\/p>\n<p>&nbsp;<\/p>\n<p class=\"paragraph_style_3\">\u201eDas gro\u00dfe Einmaleins f\u00fcr Junghunde in dem Alter von 6 \u2013 12 Monaten\u201c<\/p>\n<p class=\"paragraph_style_4\"><strong>Wann:<\/strong><\/p>\n<p class=\"paragraph_style_3\">Termine nach Absprache<\/p>\n<p>6 Einzelstunden 260 \u20ac<\/p>\n<p class=\"paragraph_style_4\"><strong>Lerninhalte:<\/strong><\/p>\n<ul>\n<li class=\"paragraph_style_3\">Festigung und Generalisierung des bereits Erlernten f\u00fcr \u201e Vorschulhunde\u201c<\/li>\n<li class=\"paragraph_style_3\">Einf\u00fchrung Neueinsteiger<\/li>\n<li class=\"paragraph_style_3\">Konditionierung\u00a0 Clicker<\/li>\n<li class=\"paragraph_style_3\">Grundgehorsam (Sitz, Platz, R\u00fcckruf, bei Fu\u00df gehen und Leinenf\u00fchrigkeit)<\/li>\n<li class=\"paragraph_style_3\">Umweltverhalten, Sozialvertr\u00e4glichkeit (Social Walk)<\/li>\n<li class=\"paragraph_style_6\">Altersgerechte Besch\u00e4ftigung<\/li>\n<\/ul>\n<p class=\"paragraph_style_5\">&#8212;&#8212;&#8212;&#8212;&#8212;&#8212;&#8212;&#8212;&#8212;&#8212;&#8212;&#8212;&#8212;&#8212;&#8212;&#8212;&#8212;&#8212;&#8212;&#8212;&#8212;&#8212;&#8212;&#8212;&#8212;&#8212;&#8212;&#8212;&#8212;&#8212;&#8212;&#8212;&#8211;<\/p>\n<p class=\"paragraph_style_2\"><span style=\"font-size: 18pt;\">WEITERF\u00dcHRENDE SCHULE:<\/span><\/p>\n<p><img loading=\"lazy\" decoding=\"async\" class=\"alignnone size-medium wp-image-195\" src=\"http:\/\/ruhrrudel.de\/site\/wp-content\/uploads\/2019\/11\/HS13-218x300.jpg\" alt=\"\" width=\"218\" height=\"300\" srcset=\"https:\/\/ruhrrudel.de\/site\/wp-content\/uploads\/2019\/11\/HS13-218x300.jpg 218w, https:\/\/ruhrrudel.de\/site\/wp-content\/uploads\/2019\/11\/HS13-768x1055.jpg 768w, https:\/\/ruhrrudel.de\/site\/wp-content\/uploads\/2019\/11\/HS13-746x1024.jpg 746w\" sizes=\"auto, (max-width: 218px) 100vw, 218px\" \/><\/p>\n<p>&nbsp;<\/p>\n<p class=\"paragraph_style_3\">\u201eErwachsenenbildung \u2013 \u201ees ist nie zu sp\u00e4t\u201c<\/p>\n<p class=\"paragraph_style_4\"><strong>Wann:<\/strong><\/p>\n<p class=\"paragraph_style_3\">Termine nach Absprache<\/p>\n<p class=\"paragraph_style_4\"><strong>Lerninhalte:<\/strong><\/p>\n<ul>\n<li class=\"paragraph_style_3\">Sicher und stressfrei durch den Alltag. (wir gehen auf Ihre individuellen W\u00fcnsche ein)<\/li>\n<li class=\"paragraph_style_3\">Aufbau und Festigung des bereits Erlernten f\u00fcr \u201eGrundsch\u00fcler\u201c<\/li>\n<li class=\"paragraph_style_3\">Vorbereitung Hundef\u00fchrerschein<\/li>\n<li class=\"paragraph_style_3\">Vorbereitung Begleithundepr\u00fcfung<\/li>\n<\/ul>\n<p class=\"paragraph_style_3\">Wir arbeiten in Kleingruppen und die Anzahl ist auf mindestens 3 und maximal 6 Teams beschr\u00e4nkt.<\/p>\n<p class=\"paragraph_style_3\"><strong><span class=\"style_2\">Voraussetzung<\/span><\/strong> f\u00fcr die Teilnahme an den Gruppenkursen ist der Nachweis eines g\u00fcltigen Impfausweises, einer Tierhalterhaftpflicht und die Sozialvertr\u00e4glichkeit des Hundes.<\/p>\n<p class=\"paragraph_style_3\">Der Kurs beinhaltet 8 Schulstunden, die in 3 Monaten\u00a0 abzuleisten sind.<\/p>\n<p class=\"paragraph_style_3\">Der Einstieg in nicht voll besetzte Gruppen ist jederzeit m\u00f6glich.<\/p>\n<p class=\"paragraph_style_3\">Die Kursgeb\u00fchr\u00a0 von 160,-\u00a0 ist mit der Anmeldung zu entrichten.<\/p>\n<p class=\"paragraph_style_7\"><strong>Bei Stundenausf\u00e4llen, die nicht die Hundeschule zu vertreten hat,<\/strong><br \/>\n<strong> kann keine Kostenerstattung erfolgen.<\/strong><\/p>\n<p class=\"paragraph_style_4\"><span class=\"style_3\">Weitere Informationen bei Anmeldung!<br \/>\n<\/span><\/p>\n<p class=\"paragraph_style_3\">Unser Angebot w\u00e4re nicht professionell und komplett, ohne Ihnen auch noch theoretische Schulungen anzubieten, um das Verhalten Ihres vierbeinigen Partners\u00a0 richtig zu deuten und zu verstehen. Es sind folgende Seminare buchbar:<\/p>\n<ul>\n<li class=\"paragraph_style_3\">Entwicklungsphasen von der Geburt bis zum erwachsenen Hund<\/li>\n<li class=\"paragraph_style_3\">Lernverhalten\u00a0 (Wie lernt mein Hund)<\/li>\n<li class=\"paragraph_style_3\">Kommunikation , Ausdrucksverhalten und Stress<\/li>\n<li class=\"paragraph_style_3\">Aggressionsverhalten<\/li>\n<\/ul>\n<p class=\"paragraph_style_7\"><strong>Die Seminare finden ab 6 Teilnehmern zu einem jeweiligen<\/strong><br \/>\n<strong> Kostenbeitrag von 25,- Euro statt.<\/strong><\/p>\n<p class=\"paragraph_style_3\">Sie k\u00f6nnen bei uns auch Ihre Sachkundepr\u00fcfung gem\u00e4\u00df der<\/p>\n<p class=\"paragraph_style_3\">\u00a7\u00a710 und 11 des\u00a0 LHundG NRW\u00a0 ablegen und wir haben die Anerkennung eine Verhaltenspr\u00fcfung zwecks Leinen- und Maulkorbbefreiung gem\u00e4\u00df \u00a710 Abs.2 LHundG durchzuf\u00fchren.<\/p>\n","protected":false},"excerpt":{"rendered":"<p>Gem\u00e4\u00df unserem Motto \u201e HUNDE SCHULEN F\u00dcRS LEBEN\u201c bieten wir folgende Kurse an: VORSCHULE: \u201eDas kleine Einmaleins f\u00fcr Welpen in dem Alter von 2 \u2013 5 Monaten.\u201c Wann: Termine nach Absprache 6 Einzelstunden 230 \u20ac Lerninhalte: Grundkonditionierung Clicker Vorbereitung Grundgehorsam ( Sitz, Platz, R\u00fcckruf und Leinenf\u00fchrigkeit) Umweltverhalten\/sicher im Alltag altersgerechte Besch\u00e4ftigung Sozialverhalten &#8212;&#8212;&#8212;&#8212;&#8212;&#8212;&#8212;&#8212;&#8212;&#8212;&#8212;&#8212;&#8212;&#8212;&#8212;&#8212;&#8212;&#8212;&#8212;&#8212;&#8212;&#8212;&#8212;&#8212;&#8212;&#8212;&#8212;&#8212;&#8212;&#8212;&#8212;&#8212;&#8211; GRUNDSCHULE: &nbsp; &#8230; <a title=\"Kurse\" class=\"read-more\" href=\"https:\/\/ruhrrudel.de\/site\/service\/\" aria-label=\"Mehr Informationen \u00fcber Kurse\">Weiterlesen<\/a><\/p>\n","protected":false},"author":1,"featured_media":0,"parent":0,"menu_order":0,"comment_status":"closed","ping_status":"closed","template":"","meta":{"footnotes":""},"class_list":["post-23","page","type-page","status-publish"],"_links":{"self":[{"href":"https:\/\/ruhrrudel.de\/site\/wp-json\/wp\/v2\/pages\/23","targetHints":{"allow":["GET"]}}],"collection":[{"href":"https:\/\/ruhrrudel.de\/site\/wp-json\/wp\/v2\/pages"}],"about":[{"href":"https:\/\/ruhrrudel.de\/site\/wp-json\/wp\/v2\/types\/page"}],"author":[{"embeddable":true,"href":"https:\/\/ruhrrudel.de\/site\/wp-json\/wp\/v2\/users\/1"}],"replies":[{"embeddable":true,"href":"https:\/\/ruhrrudel.de\/site\/wp-json\/wp\/v2\/comments?post=23"}],"version-history":[{"count":15,"href":"https:\/\/ruhrrudel.de\/site\/wp-json\/wp\/v2\/pages\/23\/revisions"}],"predecessor-version":[{"id":229,"href":"https:\/\/ruhrrudel.de\/site\/wp-json\/wp\/v2\/pages\/23\/revisions\/229"}],"wp:attachment":[{"href":"https:\/\/ruhrrudel.de\/site\/wp-json\/wp\/v2\/media?parent=23"}],"curies":[{"name":"wp","href":"https:\/\/api.w.org\/{rel}","templated":true}]}}