{"id":19,"date":"2018-02-03T08:37:55","date_gmt":"2018-02-03T07:37:55","guid":{"rendered":"http:\/\/ruhrrudel.de\/site\/?page_id=19"},"modified":"2024-08-13T09:24:45","modified_gmt":"2024-08-13T07:24:45","slug":"team","status":"publish","type":"page","link":"https:\/\/ruhrrudel.de\/site\/team\/","title":{"rendered":"Team"},"content":{"rendered":"<p><span style=\"font-size: 18pt;\">Solange Menschen denken, dass Tiere nicht fu\u0308hlen,<\/span><br \/>\n<span style=\"font-size: 18pt;\"> mu\u0308ssen Tiere fu\u0308hlen, dass Menschen nicht denken.<\/span><\/p>\n<table style=\"border: none;\">\n<tbody>\n<tr>\n<td style=\"border: none; width: 233px; vertical-align: top;\"><a href=\"http:\/\/ruhrrudel.de\/site\/team\/info-katrin\/\"><img loading=\"lazy\" decoding=\"async\" class=\"alignnone wp-image-83\" src=\"http:\/\/ruhrrudel.de\/site\/wp-content\/uploads\/2018\/02\/shapeimage_1.png\" alt=\"\" width=\"196\" height=\"376\" srcset=\"https:\/\/ruhrrudel.de\/site\/wp-content\/uploads\/2018\/02\/shapeimage_1.png 205w, https:\/\/ruhrrudel.de\/site\/wp-content\/uploads\/2018\/02\/shapeimage_1-156x300.png 156w\" sizes=\"auto, (max-width: 196px) 100vw, 196px\" \/><\/a><\/p>\n<p><a href=\"http:\/\/ruhrrudel.de\/site\/team\/info-katrin\/\"><strong>Katrin Stein<\/strong><\/a><\/p>\n<p>Trainerin<\/td>\n<td style=\"border: none; width: 233px; vertical-align: top;\"><a href=\"http:\/\/ruhrrudel.de\/site\/team\/info-claudia\/\"><img loading=\"lazy\" decoding=\"async\" class=\"alignnone wp-image-84\" src=\"http:\/\/ruhrrudel.de\/site\/wp-content\/uploads\/2018\/02\/shapeimage_2.png\" alt=\"\" width=\"198\" height=\"376\" srcset=\"https:\/\/ruhrrudel.de\/site\/wp-content\/uploads\/2018\/02\/shapeimage_2.png 206w, https:\/\/ruhrrudel.de\/site\/wp-content\/uploads\/2018\/02\/shapeimage_2-158x300.png 158w\" sizes=\"auto, (max-width: 198px) 100vw, 198px\" \/><\/a><\/p>\n<p><a href=\"http:\/\/ruhrrudel.de\/site\/team\/info-claudia\/\"><strong>Claudia S\u00e4ck<\/strong><\/a><\/p>\n<p>Trainerin<\/td>\n<td style=\"border: none; width: 233px; vertical-align: top;\"><img loading=\"lazy\" decoding=\"async\" class=\"alignnone wp-image-145 \" src=\"http:\/\/ruhrrudel.de\/site\/wp-content\/uploads\/2018\/02\/IMG-20160110-WA0003-202x300.jpg\" alt=\"\" width=\"256\" height=\"380\" srcset=\"https:\/\/ruhrrudel.de\/site\/wp-content\/uploads\/2018\/02\/IMG-20160110-WA0003-202x300.jpg 202w, https:\/\/ruhrrudel.de\/site\/wp-content\/uploads\/2018\/02\/IMG-20160110-WA0003.jpg 306w\" sizes=\"auto, (max-width: 256px) 100vw, 256px\" \/><\/p>\n<p><a href=\"http:\/\/ruhrrudel.de\/site\/team\/info-peter\/\"><strong>Peter Stein<\/strong><\/a><\/p>\n<p class=\"paragraph_style_1\">Lehrtrainer und Pr\u00fcfer im Diensthundewesen des<br \/>\nLandes NRW a.D.<\/p>\n<p class=\"paragraph_style_1\">Sachverst\u00e4ndiger\u00a0anerkannt durch<br \/>\ndas LANUV NRW<\/p>\n<\/td>\n<\/tr>\n<\/tbody>\n<\/table>\n<p><img loading=\"lazy\" decoding=\"async\" class=\"alignnone wp-image-86\" src=\"http:\/\/ruhrrudel.de\/site\/wp-content\/uploads\/2018\/02\/shapeimage_4.png\" alt=\"\" width=\"699\" height=\"540\" srcset=\"https:\/\/ruhrrudel.de\/site\/wp-content\/uploads\/2018\/02\/shapeimage_4.png 794w, https:\/\/ruhrrudel.de\/site\/wp-content\/uploads\/2018\/02\/shapeimage_4-300x232.png 300w, https:\/\/ruhrrudel.de\/site\/wp-content\/uploads\/2018\/02\/shapeimage_4-768x593.png 768w\" sizes=\"auto, (max-width: 699px) 100vw, 699px\" \/><\/p>\n","protected":false},"excerpt":{"rendered":"<p>Solange Menschen denken, dass Tiere nicht fu\u0308hlen, mu\u0308ssen Tiere fu\u0308hlen, dass Menschen nicht denken. Katrin Stein Trainerin Claudia S\u00e4ck Trainerin Peter Stein Lehrtrainer und Pr\u00fcfer im Diensthundewesen des Landes NRW a.D. Sachverst\u00e4ndiger\u00a0anerkannt durch das LANUV NRW<\/p>\n","protected":false},"author":1,"featured_media":0,"parent":0,"menu_order":0,"comment_status":"closed","ping_status":"closed","template":"","meta":{"footnotes":""},"class_list":["post-19","page","type-page","status-publish"],"_links":{"self":[{"href":"https:\/\/ruhrrudel.de\/site\/wp-json\/wp\/v2\/pages\/19","targetHints":{"allow":["GET"]}}],"collection":[{"href":"https:\/\/ruhrrudel.de\/site\/wp-json\/wp\/v2\/pages"}],"about":[{"href":"https:\/\/ruhrrudel.de\/site\/wp-json\/wp\/v2\/types\/page"}],"author":[{"embeddable":true,"href":"https:\/\/ruhrrudel.de\/site\/wp-json\/wp\/v2\/users\/1"}],"replies":[{"embeddable":true,"href":"https:\/\/ruhrrudel.de\/site\/wp-json\/wp\/v2\/comments?post=19"}],"version-history":[{"count":10,"href":"https:\/\/ruhrrudel.de\/site\/wp-json\/wp\/v2\/pages\/19\/revisions"}],"predecessor-version":[{"id":230,"href":"https:\/\/ruhrrudel.de\/site\/wp-json\/wp\/v2\/pages\/19\/revisions\/230"}],"wp:attachment":[{"href":"https:\/\/ruhrrudel.de\/site\/wp-json\/wp\/v2\/media?parent=19"}],"curies":[{"name":"wp","href":"https:\/\/api.w.org\/{rel}","templated":true}]}}