{"id":17,"date":"2018-02-03T08:37:49","date_gmt":"2018-02-03T07:37:49","guid":{"rendered":"http:\/\/ruhrrudel.de\/site\/?page_id=17"},"modified":"2020-01-25T13:27:52","modified_gmt":"2020-01-25T12:27:52","slug":"leistungen","status":"publish","type":"page","link":"https:\/\/ruhrrudel.de\/site\/leistungen\/","title":{"rendered":"Leistungen"},"content":{"rendered":"<p><img loading=\"lazy\" decoding=\"async\" class=\"alignnone wp-image-100\" src=\"http:\/\/ruhrrudel.de\/site\/wp-content\/uploads\/2018\/02\/leistungen_1.png\" alt=\"\" width=\"398\" height=\"214\" srcset=\"https:\/\/ruhrrudel.de\/site\/wp-content\/uploads\/2018\/02\/leistungen_1.png 415w, https:\/\/ruhrrudel.de\/site\/wp-content\/uploads\/2018\/02\/leistungen_1-300x161.png 300w\" sizes=\"auto, (max-width: 398px) 100vw, 398px\" \/> <img loading=\"lazy\" decoding=\"async\" class=\"alignnone wp-image-101\" src=\"http:\/\/ruhrrudel.de\/site\/wp-content\/uploads\/2018\/02\/leistungen_2.png\" alt=\"\" width=\"241\" height=\"215\" \/><\/p>\n<div id=\"id1\" class=\"style_SkipStroke shape-with-text\">\n<div class=\"text-content graphic_shape_layout_style_default_External_428_89\">\n<div class=\"graphic_shape_layout_style_default\">\n<p class=\"paragraph_style\"><span class=\"style\" style=\"font-size: 18pt; color: #ffffff;\">Unsere Leistungen im \u00dcberblick<\/span><\/p>\n<p class=\"paragraph_style\"><b style=\"font-size: large;\">Einzelstunden:<\/b><\/p>\n<\/div>\n<\/div>\n<\/div>\n<div id=\"id2\" class=\"style_SkipStroke shape-with-text\">\n<div class=\"text-content graphic_shape_layout_style_default_External_582_382\">\n<div class=\"graphic_shape_layout_style_default\">\n<ul>\n<li><span style=\"font-size: large;\"><span style=\"font-size: medium;\">Grundgehorsam:<\/span><\/span><span style=\"font-size: large;\"><span style=\"font-size: medium;\">wie z.B. Vorbereitung Begleithundepr\u00fcfung, R\u00fcckruftraining, Alltagstraining, Boxentraining<\/span><\/span><\/li>\n<li><span style=\"font-size: large;\"><span style=\"font-size: medium;\">Problemverhalten:<\/span><\/span><span style=\"font-size: large;\"><span style=\"font-size: medium;\">wie z.B. Hund Hund Aggression, Hund Mensch Aggression, Angstverhalten, Leinen ziehen, Hetzen von beweglichen Objekten<\/span><\/span><\/li>\n<li><span style=\"font-size: large;\"><span style=\"font-size: medium;\">Alltagstauglichkeit:<\/span><\/span><span style=\"font-size: large;\"><span style=\"font-size: medium;\">Restaurantbesuche, \u00f6ffentliche Verkehrsmittel<\/span><\/span><\/li>\n<\/ul>\n<p><span style=\"font-size: large;\"><b>Gruppenstunden:<\/b><\/span><\/p>\n<ul>\n<li><span style=\"font-size: large;\"><span style=\"font-size: medium;\">Grundgehorsam:<\/span><\/span><span style=\"font-size: large;\"><span style=\"font-size: medium;\">wie z.B. Vorbereitung Begleithundepr\u00fcfung, R\u00fcckruftraining, Alltagstraining, Boxentraining<\/span><\/span><\/li>\n<li><span style=\"font-size: large;\"><span style=\"font-size: medium;\">Welpentraining:<\/span><\/span><span style=\"font-size: large;\"><span style=\"font-size: medium;\">die ersten Schritte f\u00fcr ein harmonisches Zusammenleben<\/span><\/span><\/li>\n<li><span style=\"font-size: large;\"><span style=\"font-size: medium;\">Alltagsbesch\u00e4ftigung:<\/span><\/span><span style=\"font-size: large;\"><span style=\"font-size: medium;\">wie z.B. Trickdogging, Suchspiele, Apportierspiele, Agility<\/span><\/span><\/li>\n<\/ul>\n<p>&nbsp;<\/p>\n<p><span style=\"font-size: large;\"><b>Verhaltenspr\u00fcfung:<\/b><\/span><\/p>\n<ul>\n<li><span style=\"font-size: 12pt;\">Vorbereitung und Abnahmen der Verhaltenspr\u00fcfung zur Erlangund der Leinen- und Maulkorbbefreiung sowie von Sachkundenachweisen<\/span><\/li>\n<\/ul>\n<p>&nbsp;<\/p>\n<ul>\n<li style=\"list-style-type: none;\">\n<ul>\n<li><span style=\"font-size: medium;\"><u><img loading=\"lazy\" decoding=\"async\" class=\"size-medium wp-image-166 alignnone\" src=\"http:\/\/ruhrrudel.de\/site\/wp-content\/uploads\/2018\/02\/IMG-20180210-WA0003-169x300.jpg\" alt=\"\" width=\"169\" height=\"300\" srcset=\"https:\/\/ruhrrudel.de\/site\/wp-content\/uploads\/2018\/02\/IMG-20180210-WA0003-169x300.jpg 169w, https:\/\/ruhrrudel.de\/site\/wp-content\/uploads\/2018\/02\/IMG-20180210-WA0003.jpg 576w\" sizes=\"auto, (max-width: 169px) 100vw, 169px\" \/><img loading=\"lazy\" decoding=\"async\" class=\"size-medium wp-image-211 alignright\" src=\"http:\/\/ruhrrudel.de\/site\/wp-content\/uploads\/2020\/01\/HS38-300x193.jpg\" alt=\"\" width=\"300\" height=\"193\" srcset=\"https:\/\/ruhrrudel.de\/site\/wp-content\/uploads\/2020\/01\/HS38-300x193.jpg 300w, https:\/\/ruhrrudel.de\/site\/wp-content\/uploads\/2020\/01\/HS38-768x494.jpg 768w, https:\/\/ruhrrudel.de\/site\/wp-content\/uploads\/2020\/01\/HS38-1024x659.jpg 1024w\" sizes=\"auto, (max-width: 300px) 100vw, 300px\" \/><\/u><\/span><\/li>\n<\/ul>\n<\/li>\n<\/ul>\n<p><span style=\"font-size: large;\"><b>Spezialausbildung:<\/b><\/span><\/p>\n<ul>\n<li><span style=\"font-size: medium;\">Mantrailing und Sp\u00fcrhundeausbildung<\/span><\/li>\n<\/ul>\n<\/div>\n<p>&nbsp;<\/p>\n<div class=\"graphic_shape_layout_style_default\">\n<p><img loading=\"lazy\" decoding=\"async\" class=\"alignnone size-medium wp-image-161\" src=\"http:\/\/ruhrrudel.de\/site\/wp-content\/uploads\/2018\/02\/IMG_20161008_170315-1-144x300.jpg\" alt=\"\" width=\"144\" height=\"300\" srcset=\"https:\/\/ruhrrudel.de\/site\/wp-content\/uploads\/2018\/02\/IMG_20161008_170315-1-144x300.jpg 144w, https:\/\/ruhrrudel.de\/site\/wp-content\/uploads\/2018\/02\/IMG_20161008_170315-1-768x1602.jpg 768w, https:\/\/ruhrrudel.de\/site\/wp-content\/uploads\/2018\/02\/IMG_20161008_170315-1-491x1024.jpg 491w, https:\/\/ruhrrudel.de\/site\/wp-content\/uploads\/2018\/02\/IMG_20161008_170315-1.jpg 1305w\" sizes=\"auto, (max-width: 144px) 100vw, 144px\" \/><\/p>\n<\/div>\n<\/div>\n<\/div>\n","protected":false},"excerpt":{"rendered":"<p>Unsere Leistungen im \u00dcberblick Einzelstunden: Grundgehorsam:wie z.B. Vorbereitung Begleithundepr\u00fcfung, R\u00fcckruftraining, Alltagstraining, Boxentraining Problemverhalten:wie z.B. Hund Hund Aggression, Hund Mensch Aggression, Angstverhalten, Leinen ziehen, Hetzen von beweglichen Objekten Alltagstauglichkeit:Restaurantbesuche, \u00f6ffentliche Verkehrsmittel Gruppenstunden: Grundgehorsam:wie z.B. Vorbereitung Begleithundepr\u00fcfung, R\u00fcckruftraining, Alltagstraining, Boxentraining Welpentraining:die ersten Schritte f\u00fcr ein harmonisches Zusammenleben Alltagsbesch\u00e4ftigung:wie z.B. Trickdogging, Suchspiele, Apportierspiele, Agility &nbsp; Verhaltenspr\u00fcfung: Vorbereitung und &#8230; <a title=\"Leistungen\" class=\"read-more\" href=\"https:\/\/ruhrrudel.de\/site\/leistungen\/\" aria-label=\"Mehr Informationen \u00fcber Leistungen\">Weiterlesen<\/a><\/p>\n","protected":false},"author":1,"featured_media":0,"parent":0,"menu_order":0,"comment_status":"closed","ping_status":"closed","template":"","meta":{"footnotes":""},"class_list":["post-17","page","type-page","status-publish"],"_links":{"self":[{"href":"https:\/\/ruhrrudel.de\/site\/wp-json\/wp\/v2\/pages\/17","targetHints":{"allow":["GET"]}}],"collection":[{"href":"https:\/\/ruhrrudel.de\/site\/wp-json\/wp\/v2\/pages"}],"about":[{"href":"https:\/\/ruhrrudel.de\/site\/wp-json\/wp\/v2\/types\/page"}],"author":[{"embeddable":true,"href":"https:\/\/ruhrrudel.de\/site\/wp-json\/wp\/v2\/users\/1"}],"replies":[{"embeddable":true,"href":"https:\/\/ruhrrudel.de\/site\/wp-json\/wp\/v2\/comments?post=17"}],"version-history":[{"count":10,"href":"https:\/\/ruhrrudel.de\/site\/wp-json\/wp\/v2\/pages\/17\/revisions"}],"predecessor-version":[{"id":221,"href":"https:\/\/ruhrrudel.de\/site\/wp-json\/wp\/v2\/pages\/17\/revisions\/221"}],"wp:attachment":[{"href":"https:\/\/ruhrrudel.de\/site\/wp-json\/wp\/v2\/media?parent=17"}],"curies":[{"name":"wp","href":"https:\/\/api.w.org\/{rel}","templated":true}]}}