{"id":15,"date":"2018-02-03T08:37:41","date_gmt":"2018-02-03T07:37:41","guid":{"rendered":"http:\/\/ruhrrudel.de\/site\/?page_id=15"},"modified":"2018-02-03T15:04:14","modified_gmt":"2018-02-03T14:04:14","slug":"start","status":"publish","type":"page","link":"https:\/\/ruhrrudel.de\/site\/","title":{"rendered":"Start"},"content":{"rendered":"<p>&nbsp;<\/p>\n<table style=\"border: none;\">\n<tbody>\n<tr>\n<td style=\"border: none; width: 350px; vertical-align: top;\"><img loading=\"lazy\" decoding=\"async\" class=\"alignnone size-full wp-image-47\" src=\"http:\/\/ruhrrudel.de\/site\/wp-content\/uploads\/2018\/02\/ruhrrudel.png\" alt=\"\" width=\"340\" height=\"340\" srcset=\"https:\/\/ruhrrudel.de\/site\/wp-content\/uploads\/2018\/02\/ruhrrudel.png 340w, https:\/\/ruhrrudel.de\/site\/wp-content\/uploads\/2018\/02\/ruhrrudel-150x150.png 150w, https:\/\/ruhrrudel.de\/site\/wp-content\/uploads\/2018\/02\/ruhrrudel-300x300.png 300w\" sizes=\"auto, (max-width: 340px) 100vw, 340px\" \/><\/p>\n<p><a href=\"http:\/\/ruhrrudel.de\/site\/start\/seminar-gegenstandssuche\/\"><img loading=\"lazy\" decoding=\"async\" class=\"alignnone wp-image-106 size-full\" src=\"http:\/\/ruhrrudel.de\/site\/wp-content\/uploads\/2018\/02\/seminarangebote.png\" alt=\"\" width=\"370\" height=\"111\" srcset=\"https:\/\/ruhrrudel.de\/site\/wp-content\/uploads\/2018\/02\/seminarangebote.png 370w, https:\/\/ruhrrudel.de\/site\/wp-content\/uploads\/2018\/02\/seminarangebote-300x90.png 300w\" sizes=\"auto, (max-width: 370px) 100vw, 370px\" \/><\/a><\/td>\n<td style=\"border: none; width: 350px; vertical-align: top;\">\n<div id=\"id1\" class=\"style_SkipStroke_1 shape-with-text\">\n<div class=\"text-content graphic_shape_layout_style_default_External_428_44\">\n<div class=\"graphic_shape_layout_style_default\">\n<p class=\"paragraph_style\"><span class=\"style\" style=\"font-size: 18pt; color: #ffffff;\"><span style=\"font-size: 14pt;\">Zum Team zusammenwachsen!<\/span> <\/span><\/p>\n<\/div>\n<\/div>\n<\/div>\n<div id=\"id2\" class=\"style_SkipStroke_1 shape-with-text\">\n<div class=\"text-content graphic_shape_layout_style_default_External_428_116\">\n<div class=\"graphic_shape_layout_style_default\">\n<p class=\"paragraph_style_1\"><span style=\"color: #ffffff;\">Der Hundehalter und die Partnerschaft mit<\/span><br \/>\n<span style=\"color: #ffffff;\"> seinem Hund stehen bei uns im Focus.<\/span><br \/>\n<span style=\"color: #ffffff;\"> Harmonie zwischen Mensch und Hund ist<\/span><br \/>\n<span style=\"color: #ffffff;\"> unser Ziel.<\/span><\/p>\n<\/div>\n<\/div>\n<\/div>\n<div id=\"id3\" class=\"style_SkipStroke_1 shape-with-text\">\n<div class=\"text-content graphic_shape_layout_style_default_External_386_513\">\n<div class=\"graphic_shape_layout_style_default\">\n<p class=\"paragraph_style_2\">Sie sind es, der dem Hund als hochsozialem Wesen im Rahmen einer vertrauensvollen Partnerschaft vermitteln kann, was sich f\u00fcr ihn lohnt. Denn nur Verhalten, welches sich f\u00fcr ihn lohnt, wird vom Hund wiederholt und letztlich<br \/>\ngelernt.<\/p>\n<p class=\"paragraph_style_2\">Somit kann eine Verhaltens\u00e4nderung auch ohne Gewalt und Zwang herbeif\u00fchrt werden. Derartige Strafen f\u00fchren nur zu Stress, Unsicherheit und Misstrauen gegen\u00fcber seinem Menschen.<\/p>\n<p class=\"paragraph_style_2\">Wir arbeiten professionell nach wissenschaftlichen Methodenim Sinne des Tierschutzgesetzes unter Ber\u00fccksichtigung neuester kynologischer Erkennt-<br \/>\nnisse.<\/p>\n<p class=\"paragraph_style_2\">Offen gegen\u00fcber neuen wissenschaftlichen Erkenntnissen und deren Umsetzung ist eine st\u00e4ndige Weiterbildung f\u00fcr uns selbstverst\u00e4ndlich.<\/p>\n<\/div>\n<\/div>\n<\/div>\n<\/td>\n<\/tr>\n<tr>\n<td style=\"border: none; vertical-align: top;\">\u00a0<a href=\"https:\/\/www.facebook.com\/RuhrRudel-1666460606937413\/?fref=ts\"><img loading=\"lazy\" decoding=\"async\" class=\"alignnone size-full wp-image-105\" src=\"http:\/\/ruhrrudel.de\/site\/wp-content\/uploads\/2018\/02\/facebook.png\" alt=\"\" width=\"337\" height=\"41\" srcset=\"https:\/\/ruhrrudel.de\/site\/wp-content\/uploads\/2018\/02\/facebook.png 337w, https:\/\/ruhrrudel.de\/site\/wp-content\/uploads\/2018\/02\/facebook-300x36.png 300w\" sizes=\"auto, (max-width: 337px) 100vw, 337px\" \/><\/a><\/td>\n<td style=\"border: none; vertical-align: top;\"><span class=\"style_1\" style=\"color: #ffffff;\">Wir wollen f\u00fcr Sie und Ihren Hund immer<br \/>\nbesser werden \u2013 sprechen Sie uns gerne an \u2013<br \/>\nwir freuen uns auf Sie!<\/span><\/td>\n<\/tr>\n<\/tbody>\n<\/table>\n<p>&nbsp;<\/p>\n","protected":false},"excerpt":{"rendered":"<p>&nbsp; Zum Team zusammenwachsen! Der Hundehalter und die Partnerschaft mit seinem Hund stehen bei uns im Focus. Harmonie zwischen Mensch und Hund ist unser Ziel. Sie sind es, der dem Hund als hochsozialem Wesen im Rahmen einer vertrauensvollen Partnerschaft vermitteln kann, was sich f\u00fcr ihn lohnt. Denn nur Verhalten, welches sich f\u00fcr ihn lohnt, wird &#8230; <a title=\"Start\" class=\"read-more\" href=\"https:\/\/ruhrrudel.de\/site\/\" aria-label=\"Mehr Informationen \u00fcber Start\">Weiterlesen<\/a><\/p>\n","protected":false},"author":1,"featured_media":0,"parent":0,"menu_order":0,"comment_status":"closed","ping_status":"closed","template":"","meta":{"footnotes":""},"class_list":["post-15","page","type-page","status-publish"],"_links":{"self":[{"href":"https:\/\/ruhrrudel.de\/site\/wp-json\/wp\/v2\/pages\/15","targetHints":{"allow":["GET"]}}],"collection":[{"href":"https:\/\/ruhrrudel.de\/site\/wp-json\/wp\/v2\/pages"}],"about":[{"href":"https:\/\/ruhrrudel.de\/site\/wp-json\/wp\/v2\/types\/page"}],"author":[{"embeddable":true,"href":"https:\/\/ruhrrudel.de\/site\/wp-json\/wp\/v2\/users\/1"}],"replies":[{"embeddable":true,"href":"https:\/\/ruhrrudel.de\/site\/wp-json\/wp\/v2\/comments?post=15"}],"version-history":[{"count":11,"href":"https:\/\/ruhrrudel.de\/site\/wp-json\/wp\/v2\/pages\/15\/revisions"}],"predecessor-version":[{"id":179,"href":"https:\/\/ruhrrudel.de\/site\/wp-json\/wp\/v2\/pages\/15\/revisions\/179"}],"wp:attachment":[{"href":"https:\/\/ruhrrudel.de\/site\/wp-json\/wp\/v2\/media?parent=15"}],"curies":[{"name":"wp","href":"https:\/\/api.w.org\/{rel}","templated":true}]}}