{"id":108,"date":"2018-02-03T14:27:01","date_gmt":"2018-02-03T13:27:01","guid":{"rendered":"http:\/\/ruhrrudel.de\/site\/?page_id=108"},"modified":"2020-01-25T13:11:48","modified_gmt":"2020-01-25T12:11:48","slug":"seminar-gegenstandssuche","status":"publish","type":"page","link":"https:\/\/ruhrrudel.de\/site\/start\/seminar-gegenstandssuche\/","title":{"rendered":"Kursangebot"},"content":{"rendered":"<div id=\"id1\" class=\"style_SkipStroke shape-with-text\">\n<div class=\"text-content graphic_shape_layout_style_default_External_428_89\">\n<div class=\"graphic_shape_layout_style_default\">\n<p class=\"paragraph_style\"><span style=\"font-size: 14pt;\"><span style=\"font-size: 14pt;\"><b>\u00a0Longieren mit Hund<\/b><\/span><\/span><\/p>\n<p>&nbsp;<\/p>\n<p><span style=\"font-size: 18.6667px;\"><b>Hundetraining mit K\u00f6rpersprache<\/b><\/span><strong><span style=\"font-size: 14pt;\">\u00a0<\/span><\/strong><\/p>\n<p><img loading=\"lazy\" decoding=\"async\" class=\"alignnone size-medium wp-image-208\" src=\"http:\/\/ruhrrudel.de\/site\/wp-content\/uploads\/2020\/01\/belgier2-300x200.jpg\" alt=\"\" width=\"300\" height=\"200\" srcset=\"https:\/\/ruhrrudel.de\/site\/wp-content\/uploads\/2020\/01\/belgier2-300x200.jpg 300w, https:\/\/ruhrrudel.de\/site\/wp-content\/uploads\/2020\/01\/belgier2-768x511.jpg 768w, https:\/\/ruhrrudel.de\/site\/wp-content\/uploads\/2020\/01\/belgier2-1024x681.jpg 1024w\" sizes=\"auto, (max-width: 300px) 100vw, 300px\" \/><\/p>\n<\/div>\n<\/div>\n<\/div>\n<div id=\"id2\" class=\"style_SkipStroke shape-with-text\">\n<div class=\"text-content graphic_shape_layout_style_default_External_582_643\">\n<div class=\"graphic_shape_layout_style_default\">\n<p>Eine effektives Training um den Hund auszulasten und dem nat\u00fcrliche Drang nach Bewegung gerecht zu werden.<\/p>\n<p>Gleichzeitig f\u00f6rdert es die Kommunikation zwischen Hund und Halter, die Aufmerksamkeit des Hundes und Kommandos auch auf Distanz auszuf\u00fchren.<\/p>\n<p>&nbsp;<\/p>\n<p>Hierzu bieten wir nach Absprache Kurse mit qualifizierten Trainern!<\/p>\n<p>Wir freuen uns auf Euch!<\/p>\n<\/div>\n<\/div>\n<\/div>\n","protected":false},"excerpt":{"rendered":"<p>\u00a0Longieren mit Hund &nbsp; Hundetraining mit K\u00f6rpersprache\u00a0 Eine effektives Training um den Hund auszulasten und dem nat\u00fcrliche Drang nach Bewegung gerecht zu werden. Gleichzeitig f\u00f6rdert es die Kommunikation zwischen Hund und Halter, die Aufmerksamkeit des Hundes und Kommandos auch auf Distanz auszuf\u00fchren. &nbsp; Hierzu bieten wir nach Absprache Kurse mit qualifizierten Trainern! Wir freuen uns &#8230; <a title=\"Kursangebot\" class=\"read-more\" href=\"https:\/\/ruhrrudel.de\/site\/start\/seminar-gegenstandssuche\/\" aria-label=\"Mehr Informationen \u00fcber Kursangebot\">Weiterlesen<\/a><\/p>\n","protected":false},"author":1,"featured_media":0,"parent":15,"menu_order":0,"comment_status":"closed","ping_status":"closed","template":"","meta":{"footnotes":""},"class_list":["post-108","page","type-page","status-publish"],"_links":{"self":[{"href":"https:\/\/ruhrrudel.de\/site\/wp-json\/wp\/v2\/pages\/108","targetHints":{"allow":["GET"]}}],"collection":[{"href":"https:\/\/ruhrrudel.de\/site\/wp-json\/wp\/v2\/pages"}],"about":[{"href":"https:\/\/ruhrrudel.de\/site\/wp-json\/wp\/v2\/types\/page"}],"author":[{"embeddable":true,"href":"https:\/\/ruhrrudel.de\/site\/wp-json\/wp\/v2\/users\/1"}],"replies":[{"embeddable":true,"href":"https:\/\/ruhrrudel.de\/site\/wp-json\/wp\/v2\/comments?post=108"}],"version-history":[{"count":10,"href":"https:\/\/ruhrrudel.de\/site\/wp-json\/wp\/v2\/pages\/108\/revisions"}],"predecessor-version":[{"id":218,"href":"https:\/\/ruhrrudel.de\/site\/wp-json\/wp\/v2\/pages\/108\/revisions\/218"}],"up":[{"embeddable":true,"href":"https:\/\/ruhrrudel.de\/site\/wp-json\/wp\/v2\/pages\/15"}],"wp:attachment":[{"href":"https:\/\/ruhrrudel.de\/site\/wp-json\/wp\/v2\/media?parent=108"}],"curies":[{"name":"wp","href":"https:\/\/api.w.org\/{rel}","templated":true}]}}